{"id":24156,"date":"2021-05-13T20:40:50","date_gmt":"2021-05-13T19:40:50","guid":{"rendered":"http:\/\/146.190.124.88\/?post_type=product&amp;p=24156"},"modified":"2021-05-13T20:40:50","modified_gmt":"2021-05-13T19:40:50","slug":"servizio-fotografico-perfect-paw-traits","status":"publish","type":"product","link":"https:\/\/francescofanti.com\/en\/product\/servizio-fotografico-perfect-paw-traits\/","title":{"rendered":"Servizio Fotografico &#8211; Perfect Paw-traits"},"content":{"rendered":"","protected":false},"excerpt":{"rendered":"<p>Servizio fotografico professionale per te e il tuo cane che comprende:<\/p>\n<ul>\n<li>Telefonata o incontro di preparazione al servizio fotografico per sapere come questo si svolger\u00e0 e per iniziare a conoscere il cane e le sue necessit\u00e0. Sia tu sia il tuo cane arriverete al momento dello scatto nelle migliori condizioni possibili per un divertimento assicurato!<\/li>\n<li>Servizio fotografico all&#8217;aperto di azione e ritratto. Nell&#8217;ambiente naturale il tuo cane sar\u00e0 pi\u00f9 a suo agio, rilassato e felice esprimendo al meglio la sua personalit\u00e0<\/li>\n<li>Professionalit\u00e0 e tutto il tempo necessario per far sentire il tuo cane a suo agio ed effettuare il servizio, la post- produzione, l&#8217;utilizzo di oggetti e materiali di consumo utili all&#8217;ambientazione del servizio.<\/li>\n<li><strong>3 IMMAGINI digitali<\/strong> <strong>formato web<\/strong> con logo per uso personale social e web sottoposte a post-produzione artistica speciale\u200b<\/li>\n<li>Galleria digitale privata accessibile tramite link personale da qualsiasi vostro dispositivo elettronico per poter visionare le vostre immagini<\/li>\n<li>Possibilit\u00e0 di acquistare a prezzi vantaggiosi ulteriori immagini digitali del servizio o stampe artistiche<\/li>\n<\/ul>\n<p>Una volta acquistato il servizio mi metter\u00f2 in contatto con te al pi\u00f9 presto per definire meglio l&#8217;incontro e scegliere la data.<\/p>\n<p>&nbsp;<\/p>\n<p>Il prezzo del servizio e le immagini si riferiscono ad un singolo cane con una persona<\/p>","protected":false},"featured_media":24083,"comment_status":"open","ping_status":"closed","template":"","meta":{"_acf_changed":false},"product_brand":[],"product_cat":[28],"product_tag":[],"class_list":{"0":"post-24156","1":"product","2":"type-product","3":"status-publish","4":"has-post-thumbnail","6":"product_cat-servizi-fotografici","8":"first","9":"instock","10":"virtual","11":"purchasable","12":"product-type-simple"},"acf":[],"_links":{"self":[{"href":"https:\/\/francescofanti.com\/en\/wp-json\/wp\/v2\/product\/24156","targetHints":{"allow":["GET"]}}],"collection":[{"href":"https:\/\/francescofanti.com\/en\/wp-json\/wp\/v2\/product"}],"about":[{"href":"https:\/\/francescofanti.com\/en\/wp-json\/wp\/v2\/types\/product"}],"replies":[{"embeddable":true,"href":"https:\/\/francescofanti.com\/en\/wp-json\/wp\/v2\/comments?post=24156"}],"wp:featuredmedia":[{"embeddable":true,"href":"https:\/\/francescofanti.com\/en\/wp-json\/wp\/v2\/media\/24083"}],"wp:attachment":[{"href":"https:\/\/francescofanti.com\/en\/wp-json\/wp\/v2\/media?parent=24156"}],"wp:term":[{"taxonomy":"product_brand","embeddable":true,"href":"https:\/\/francescofanti.com\/en\/wp-json\/wp\/v2\/product_brand?post=24156"},{"taxonomy":"product_cat","embeddable":true,"href":"https:\/\/francescofanti.com\/en\/wp-json\/wp\/v2\/product_cat?post=24156"},{"taxonomy":"product_tag","embeddable":true,"href":"https:\/\/francescofanti.com\/en\/wp-json\/wp\/v2\/product_tag?post=24156"}],"curies":[{"name":"wp","href":"https:\/\/api.w.org\/{rel}","templated":true}]}}