{"id":24141,"date":"2021-05-12T22:19:02","date_gmt":"2021-05-12T21:19:02","guid":{"rendered":"http:\/\/146.190.124.88\/?post_type=product&amp;p=24141"},"modified":"2021-05-12T22:19:02","modified_gmt":"2021-05-12T21:19:02","slug":"servizio-fotografico-paw-licious","status":"publish","type":"product","link":"https:\/\/francescofanti.com\/en\/product\/servizio-fotografico-paw-licious\/","title":{"rendered":"Servizio Fotografico &#8211; Paw-licious"},"content":{"rendered":"","protected":false},"excerpt":{"rendered":"<p>Servizio fotografico professionale per te e il tuo cane che comprende:<\/p>\n<ul>\n<li>Telefonata o incontro di preparazione al servizio fotografico per sapere come questo si svolger\u00e0 e per iniziare a conoscere il cane e le sue necessit\u00e0. Sia tu sia il tuo cane arriverete al momento dello scatto nelle migliori condizioni possibili per un divertimento assicurato!<\/li>\n<li>Servizio fotografico all&#8217;aperto di azione e ritratto. Nell&#8217;ambiente naturale il tuo cane sar\u00e0 pi\u00f9 a suo agio, rilassato e felice esprimendo al meglio la sua personalit\u00e0<\/li>\n<li>Professionalit\u00e0 e tutto il tempo necessario per far sentire il tuo cane a suo agio ed effettuare il servizio, la post- produzione, l&#8217;utilizzo di oggetti e materiali di consumo utili all&#8217;ambientazione del servizio.<\/li>\n<li><strong>7 IMMAGINI digitali<\/strong> <strong>formato web<\/strong> con logo per uso personale social e web sottoposte a post-produzione artistica speciale\u200b<\/li>\n<li>Galleria digitale privata accessibile tramite link personale da qualsiasi vostro dispositivo elettronico per poter visionare le vostre immagini<\/li>\n<li><strong>1 STAMPA fine art 40&#215;60<\/strong> non incorniciata di una foto a tua scelta del servizio. Un quadro perfetto che rappresenta tutta la bellezza del tuo cane.<\/li>\n<li><strong>1 STAMPA fine art 30&#215;45 <\/strong>not framed with a photo of your choice of the service to have a wonderful memory to display in your home.<\/li>\n<li><strong>7 MINI STAMPE fine art<\/strong> <strong>10 x 15<\/strong> con margine bianco in cofanetto di legno<\/li>\n<li>Chiavetta usb eco friendly in legno con dentro le 7 immagini digitali scelte in formato web ad uso personale e social<\/li>\n<li>Possibilit\u00e0 di acquistare a prezzi vantaggiosi ulteriori immagini digitali del servizio o stampe artistiche<\/li>\n<\/ul>\n<p>Una volta acquistato il servizio mi metter\u00f2 in contatto con te al pi\u00f9 presto per definire meglio l&#8217;incontro e scegliere la data.<\/p>\n<p>&nbsp;<\/p>\n<p>Il prezzo del servizio \u00e8 pensato per 1 o 2 cani e 1 o 2 persone (non cambia il numero di immagini o stampe)<\/p>","protected":false},"featured_media":24074,"comment_status":"open","ping_status":"closed","template":"","meta":{"_acf_changed":false},"product_brand":[],"product_cat":[28],"product_tag":[],"class_list":{"0":"post-24141","1":"product","2":"type-product","3":"status-publish","4":"has-post-thumbnail","6":"product_cat-servizi-fotografici","8":"first","9":"instock","10":"virtual","11":"purchasable","12":"product-type-simple"},"acf":[],"_links":{"self":[{"href":"https:\/\/francescofanti.com\/en\/wp-json\/wp\/v2\/product\/24141","targetHints":{"allow":["GET"]}}],"collection":[{"href":"https:\/\/francescofanti.com\/en\/wp-json\/wp\/v2\/product"}],"about":[{"href":"https:\/\/francescofanti.com\/en\/wp-json\/wp\/v2\/types\/product"}],"replies":[{"embeddable":true,"href":"https:\/\/francescofanti.com\/en\/wp-json\/wp\/v2\/comments?post=24141"}],"wp:featuredmedia":[{"embeddable":true,"href":"https:\/\/francescofanti.com\/en\/wp-json\/wp\/v2\/media\/24074"}],"wp:attachment":[{"href":"https:\/\/francescofanti.com\/en\/wp-json\/wp\/v2\/media?parent=24141"}],"wp:term":[{"taxonomy":"product_brand","embeddable":true,"href":"https:\/\/francescofanti.com\/en\/wp-json\/wp\/v2\/product_brand?post=24141"},{"taxonomy":"product_cat","embeddable":true,"href":"https:\/\/francescofanti.com\/en\/wp-json\/wp\/v2\/product_cat?post=24141"},{"taxonomy":"product_tag","embeddable":true,"href":"https:\/\/francescofanti.com\/en\/wp-json\/wp\/v2\/product_tag?post=24141"}],"curies":[{"name":"wp","href":"https:\/\/api.w.org\/{rel}","templated":true}]}}