{"id":502,"date":"2020-10-13T04:11:34","date_gmt":"2020-10-13T04:11:34","guid":{"rendered":"http:\/\/dev.francescofanti.com\/?page_id=502"},"modified":"2025-08-08T10:13:05","modified_gmt":"2025-08-08T10:13:05","slug":"blogs","status":"publish","type":"page","link":"https:\/\/francescofanti.com\/en\/blogs\/","title":{"rendered":"Blog di Fotografia e Diari di Viaggio."},"content":{"rendered":"<div data-elementor-type=\"wp-page\" data-elementor-id=\"502\" class=\"elementor elementor-502\" data-elementor-settings=\"{&quot;ha_cmc_init_switcher&quot;:&quot;no&quot;}\" data-elementor-post-type=\"page\">\n\t\t\t\t\t\t<section class=\"jarallax lazyload elementor-section elementor-top-section elementor-element elementor-element-6261dcee elementor-section-height-min-height elementor-section-boxed elementor-section-height-default elementor-section-items-middle\" data-jarallax=\"\" data-speed=\"0.75\" data-type=\"scroll\" data-parallax=\"scroll\" style=\"background-image:url(&quot;https:\/\/francescofanti.com\/wp-content\/uploads\/2020\/10\/Lingua-di-Deserto-1.jpg&quot;);\" data-image-src=\"https:\/\/francescofanti.com\/wp-content\/uploads\/2020\/10\/Lingua-di-Deserto-1.jpg\" data-id=\"6261dcee\" data-element_type=\"section\" data-e-type=\"section\" data-settings=\"{&quot;background_background&quot;:&quot;classic&quot;}\">\n\t\t\t\t\t\t\t<div class=\"elementor-background-overlay\"><\/div>\n\t\t\t\t\t\t\t<div class=\"elementor-container elementor-column-gap-default\">\n\t\t\t\t\t<div class=\"elementor-column elementor-col-100 elementor-top-column elementor-element elementor-element-6eedd3ec\" data-id=\"6eedd3ec\" data-element_type=\"column\" data-e-type=\"column\">\n\t\t\t<div class=\"elementor-widget-wrap elementor-element-populated\">\n\t\t\t\t\t\t<div class=\"elementor-element elementor-element-4078409b section-align-center section-size-large subtitle-style-default elementor-widget elementor-widget-section-heading\" data-id=\"4078409b\" data-element_type=\"widget\" data-e-type=\"widget\" data-widget_type=\"section-heading.default\">\n\t\t\t\t<div class=\"elementor-widget-container\">\n\t\t\t\t\t<div class=\"section-heading headingstyle-subtitle\"><h5 class=\"entry-sub-title section-sub-title\">Photo Tutorial and Travel Journals<\/h5><div class=\"section-title-wrapper\"><h1 class=\"entry-title section-title\">Photography Blog and Travel Journals<\/h1><\/div><\/div>\t\t\t\t<\/div>\n\t\t\t\t<\/div>\n\t\t\t\t<div class=\"elementor-element elementor-element-3676794 elementor-widget elementor-widget-spacer\" data-id=\"3676794\" data-element_type=\"widget\" data-e-type=\"widget\" data-widget_type=\"spacer.default\">\n\t\t\t\t<div class=\"elementor-widget-container\">\n\t\t\t\t\t\t\t<div class=\"elementor-spacer\">\n\t\t\t<div class=\"elementor-spacer-inner\"><\/div>\n\t\t<\/div>\n\t\t\t\t\t\t<\/div>\n\t\t\t\t<\/div>\n\t\t\t\t\t<\/div>\n\t\t<\/div>\n\t\t\t\t\t<\/div>\n\t\t<\/section>\n\t\t\t\t<section class=\"elementor-section elementor-top-section elementor-element elementor-element-7917c13b elementor-section-full_width elementor-section-height-default elementor-section-height-default\" data-id=\"7917c13b\" data-element_type=\"section\" data-e-type=\"section\">\n\t\t\t\t\t\t<div class=\"elementor-container elementor-column-gap-no\">\n\t\t\t\t\t<div class=\"elementor-column elementor-col-100 elementor-top-column elementor-element elementor-element-46d23118\" data-id=\"46d23118\" data-element_type=\"column\" data-e-type=\"column\">\n\t\t\t<div class=\"elementor-widget-wrap elementor-element-populated\">\n\t\t\t\t\t\t<div class=\"elementor-element elementor-element-56def0d6 blog-parallax-align-center elementor-widget elementor-widget-blog-parallax\" data-id=\"56def0d6\" data-element_type=\"widget\" data-e-type=\"widget\" data-widget_type=\"blog-parallax.default\">\n\t\t\t\t<div class=\"elementor-widget-container\">\n\t\t\t\t\t<div class=\"gridblock-blog-parallax gridblock-parallax-wrap clearfix\"><ul><li data-jarallax='{\"speed\": 0.3}' class=\"jarallax vertical-parallax-image\" style=\"height:600px;background-image:url(https:\/\/francescofanti.com\/wp-content\/uploads\/2022\/02\/insung-yoon-PtCSSvzUXeo-unsplash.jpg);\"><div class=\"bg-detect-and-display slideshow-box-info work-details\"><a href=\"https:\/\/francescofanti.com\/en\/il-diaframma-in-fotografia-guida-definitiva\/\"><div class=\"heading-block\"><h2 class=\"line-standby photocard-title\">\n\t\t\t\tIl diaframma in fotografia: guida definitiva\n\t\t\t\t<\/h2><h3 class=\"photocard-subtitle\">\n\t\t\t\t\tJune 29, 2025\n\t\t\t\t<\/h3><\/div><div class=\"photocard-contents\">\n\t\t\t\t<p>Se ti stai approcciando al mondo della fotografia avrai sentito parlare del diaframma in tutte le salse, spesso in maniera frammentaria senza avere una...<\/p>\n\t\t\t\t<\/div><\/a><a class=\"theme-btn-link\" href=\"https:\/\/francescofanti.com\/en\/il-diaframma-in-fotografia-guida-definitiva\/\"><div class=\"theme-btn theme-btn-outline-primary theme-hover-arrow\">Continue reading<\/div><\/a><\/div><\/li><li data-jarallax='{\"speed\": 0.3}' class=\"jarallax vertical-parallax-image\" style=\"height:600px;background-image:url(https:\/\/francescofanti.com\/wp-content\/uploads\/2022\/09\/de99d267a38343199c8d7a25a3cfde9d-2.jpg);\"><div class=\"bg-detect-and-display slideshow-box-info work-details\"><a href=\"https:\/\/francescofanti.com\/en\/isole-faroe-10-luoghi-imperdibili-da-vedere-e-fotografare\/\"><div class=\"heading-block\"><h2 class=\"line-standby photocard-title\">\n\t\t\t\t10 Must-See Photogenic Places in the Faroe Islands\n\t\t\t\t<\/h2><h3 class=\"photocard-subtitle\">\n\t\t\t\t\tJune 11, 2024\n\t\t\t\t<\/h3><\/div><div class=\"photocard-contents\">\n\t\t\t\t<p>La profondit\u00e0 di campo in fotografia \u00e8 uno degli argomenti pi\u00f9 importanti e fondamentali per avere il controllo creativo sulle proprie foto. In questo...<\/p>\n\t\t\t\t<\/div><\/a><a class=\"theme-btn-link\" href=\"https:\/\/francescofanti.com\/en\/isole-faroe-10-luoghi-imperdibili-da-vedere-e-fotografare\/\"><div class=\"theme-btn theme-btn-outline-primary theme-hover-arrow\">Continue reading<\/div><\/a><\/div><\/li><li data-jarallax='{\"speed\": 0.3}' class=\"jarallax vertical-parallax-image\" style=\"height:600px;background-image:url(https:\/\/francescofanti.com\/wp-content\/uploads\/2024\/02\/Panning.jpg);\"><div class=\"bg-detect-and-display slideshow-box-info work-details\"><a href=\"https:\/\/francescofanti.com\/en\/la-tecnica-del-panning\/\"><div class=\"heading-block\"><h2 class=\"line-standby photocard-title\">\n\t\t\t\tLa tecnica del Panning\n\t\t\t\t<\/h2><h3 class=\"photocard-subtitle\">\n\t\t\t\t\tFebruary 9, 2024\n\t\t\t\t<\/h3><\/div><div class=\"photocard-contents\">\n\t\t\t\t<p>La profondit\u00e0 di campo in fotografia \u00e8 uno degli argomenti pi\u00f9 importanti e fondamentali per avere il controllo creativo sulle proprie foto. In questo...<\/p>\n\t\t\t\t<\/div><\/a><a class=\"theme-btn-link\" href=\"https:\/\/francescofanti.com\/en\/la-tecnica-del-panning\/\"><div class=\"theme-btn theme-btn-outline-primary theme-hover-arrow\">Continue reading<\/div><\/a><\/div><\/li><li data-jarallax='{\"speed\": 0.3}' class=\"jarallax vertical-parallax-image\" style=\"height:600px;background-image:url(https:\/\/francescofanti.com\/wp-content\/uploads\/2024\/02\/profondita-di-campo-guida-definitiva.jpg);\"><div class=\"bg-detect-and-display slideshow-box-info work-details\"><a href=\"https:\/\/francescofanti.com\/en\/tutto-sulla-profondita-di-campo-in-fotografia\/\"><div class=\"heading-block\"><h2 class=\"line-standby photocard-title\">\n\t\t\t\tTutto sulla profondit\u00e0 di campo in fotografia\n\t\t\t\t<\/h2><h3 class=\"photocard-subtitle\">\n\t\t\t\t\tFebruary 1, 2024\n\t\t\t\t<\/h3><\/div><div class=\"photocard-contents\">\n\t\t\t\t<p>La profondit\u00e0 di campo in fotografia \u00e8 uno degli argomenti pi\u00f9 importanti e fondamentali per avere il controllo creativo sulle proprie foto. In questo...<\/p>\n\t\t\t\t<\/div><\/a><a class=\"theme-btn-link\" href=\"https:\/\/francescofanti.com\/en\/tutto-sulla-profondita-di-campo-in-fotografia\/\"><div class=\"theme-btn theme-btn-outline-primary theme-hover-arrow\">Continue reading<\/div><\/a><\/div><\/li><li data-jarallax='{\"speed\": 0.3}' class=\"jarallax vertical-parallax-image\" style=\"height:600px;background-image:url(https:\/\/francescofanti.com\/wp-content\/uploads\/2022\/06\/ISO.jpg);\"><div class=\"bg-detect-and-display slideshow-box-info work-details\"><a href=\"https:\/\/francescofanti.com\/en\/gli-iso-in-fotografia-guida-definitiva\/\"><div class=\"heading-block\"><h2 class=\"line-standby photocard-title\">\n\t\t\t\tGli ISO in fotografia: guida definitiva\n\t\t\t\t<\/h2><h3 class=\"photocard-subtitle\">\n\t\t\t\t\tNovember 9, 2023\n\t\t\t\t<\/h3><\/div><div class=\"photocard-contents\">\n\t\t\t\t<p>Quando si muovono i primi passi nel mondo della fotografia \u00e8 quasi immediato sentire parlare di diaframmi, ISO e tempi di scatto. Questi tre...<\/p>\n\t\t\t\t<\/div><\/a><a class=\"theme-btn-link\" href=\"https:\/\/francescofanti.com\/en\/gli-iso-in-fotografia-guida-definitiva\/\"><div class=\"theme-btn theme-btn-outline-primary theme-hover-arrow\">Continue reading<\/div><\/a><\/div><\/li><li data-jarallax='{\"speed\": 0.3}' class=\"jarallax vertical-parallax-image\" style=\"height:600px;background-image:url(https:\/\/francescofanti.com\/wp-content\/uploads\/2020\/10\/Vingerklip-sunrise.jpg);\"><div class=\"bg-detect-and-display slideshow-box-info work-details\"><a href=\"https:\/\/francescofanti.com\/en\/10-cose-che-avrei-voluto-sapere-quando-ho-iniziato-a-fotografare\/\"><div class=\"heading-block\"><h2 class=\"line-standby photocard-title\">\n\t\t\t\t10 cose che avrei voluto sapere quando ho iniziato a fotografare\n\t\t\t\t<\/h2><h3 class=\"photocard-subtitle\">\n\t\t\t\t\tJanuary 31, 2023\n\t\t\t\t<\/h3><\/div><div class=\"photocard-contents\">\n\t\t\t\t<p>Se stai facendo i primi passi nel mondo della fotografia, Questo articolo fa proprio al caso tuo perch\u00e8 ti dar\u00f2 alcuni preziosi consigli che...<\/p>\n\t\t\t\t<\/div><\/a><a class=\"theme-btn-link\" href=\"https:\/\/francescofanti.com\/en\/10-cose-che-avrei-voluto-sapere-quando-ho-iniziato-a-fotografare\/\"><div class=\"theme-btn theme-btn-outline-primary theme-hover-arrow\">Continue reading<\/div><\/a><\/div><\/li><li data-jarallax='{\"speed\": 0.3}' class=\"jarallax vertical-parallax-image\" style=\"height:600px;background-image:url(https:\/\/francescofanti.com\/wp-content\/uploads\/2022\/09\/Gamma-Dinamica.jpg);\"><div class=\"bg-detect-and-display slideshow-box-info work-details\"><a href=\"https:\/\/francescofanti.com\/en\/gamma-dinamica\/\"><div class=\"heading-block\"><h2 class=\"line-standby photocard-title\">\n\t\t\t\tChe cos&#8217;\u00e8 la gamma dinamica in fotografia?\n\t\t\t\t<\/h2><h3 class=\"photocard-subtitle\">\n\t\t\t\t\tSeptember 30, 2022\n\t\t\t\t<\/h3><\/div><div class=\"photocard-contents\">\n\t\t\t\t<p>Avere ben chiaro che cos'\u00e8 la gamma dinamica in fotografia riferita sia alla nostra fotocamera sia alla scena che vogliamo fotografare \u00e8 molto importante...<\/p>\n\t\t\t\t<\/div><\/a><a class=\"theme-btn-link\" href=\"https:\/\/francescofanti.com\/en\/gamma-dinamica\/\"><div class=\"theme-btn theme-btn-outline-primary theme-hover-arrow\">Continue reading<\/div><\/a><\/div><\/li><li data-jarallax='{\"speed\": 0.3}' class=\"jarallax vertical-parallax-image\" style=\"height:600px;background-image:url(https:\/\/francescofanti.com\/wp-content\/uploads\/2022\/07\/alexander-jawfox-ng7Yynar8Hw-unsplash-scaled-1.jpg);\"><div class=\"bg-detect-and-display slideshow-box-info work-details\"><a href=\"https:\/\/francescofanti.com\/en\/esposizione-vs-luminosita\/\"><div class=\"heading-block\"><h2 class=\"line-standby photocard-title\">\n\t\t\t\tEsposizione vs Luminosit\u00e0\n\t\t\t\t<\/h2><h3 class=\"photocard-subtitle\">\n\t\t\t\t\tJuly 20, 2022\n\t\t\t\t<\/h3><\/div><div class=\"photocard-contents\">\n\t\t\t\t<p>I due termini Esposizione e Luminosit\u00e0 in fotografia vengono spesso usati comunemente come sinonimi quando in realt\u00e0 hanno due accezioni molto diverse in fotografia....<\/p>\n\t\t\t\t<\/div><\/a><a class=\"theme-btn-link\" href=\"https:\/\/francescofanti.com\/en\/esposizione-vs-luminosita\/\"><div class=\"theme-btn theme-btn-outline-primary theme-hover-arrow\">Continue reading<\/div><\/a><\/div><\/li><li data-jarallax='{\"speed\": 0.3}' class=\"jarallax vertical-parallax-image\" style=\"height:600px;background-image:url(https:\/\/francescofanti.com\/wp-content\/uploads\/2022\/04\/samuele-errico-piccarini-oFvs2WBBFFg-unsplash-1.jpg);\"><div class=\"bg-detect-and-display slideshow-box-info work-details\"><a href=\"https:\/\/francescofanti.com\/en\/il-tempo-di-scatto-in-fotografia-guida-definitiva\/\"><div class=\"heading-block\"><h2 class=\"line-standby photocard-title\">\n\t\t\t\tIl tempo di scatto in fotografia: guida definitiva\n\t\t\t\t<\/h2><h3 class=\"photocard-subtitle\">\n\t\t\t\t\tJune 8, 2022\n\t\t\t\t<\/h3><\/div><div class=\"photocard-contents\">\n\t\t\t\t<p>Quando si muovono i primi passi nel mondo della fotografia \u00e8 quasi immediato sentire parlare di diaframmi, ISO e tempi di scatto. Questi tre...<\/p>\n\t\t\t\t<\/div><\/a><a class=\"theme-btn-link\" href=\"https:\/\/francescofanti.com\/en\/il-tempo-di-scatto-in-fotografia-guida-definitiva\/\"><div class=\"theme-btn theme-btn-outline-primary theme-hover-arrow\">Continue reading<\/div><\/a><\/div><\/li><li data-jarallax='{\"speed\": 0.3}' class=\"jarallax vertical-parallax-image\" style=\"height:600px;background-image:url(https:\/\/francescofanti.com\/wp-content\/uploads\/2020\/10\/Oliveto.jpg);\"><div class=\"bg-detect-and-display slideshow-box-info work-details\"><a href=\"https:\/\/francescofanti.com\/en\/quando-per-una-buona-fotografia-di-paesaggio-serve-prima-di-tutto-un-fotografo\/\"><div class=\"heading-block\"><h2 class=\"line-standby photocard-title\">\n\t\t\t\tQuando per una buona fotografia di paesaggio serve prima di tutto un fotografo!\n\t\t\t\t<\/h2><h3 class=\"photocard-subtitle\">\n\t\t\t\t\tJanuary 17, 2022\n\t\t\t\t<\/h3><\/div><div class=\"photocard-contents\">\n\t\t\t\t<p>Un essere umano, certo, che abbia uno strumento fotografico, una passione, la conoscenza di questo mondo, una visione congiunta di occhi e mente e...<\/p>\n\t\t\t\t<\/div><\/a><a class=\"theme-btn-link\" href=\"https:\/\/francescofanti.com\/en\/quando-per-una-buona-fotografia-di-paesaggio-serve-prima-di-tutto-un-fotografo\/\"><div class=\"theme-btn theme-btn-outline-primary theme-hover-arrow\">Continue reading<\/div><\/a><\/div><\/li><li data-jarallax='{\"speed\": 0.3}' class=\"jarallax vertical-parallax-image\" style=\"height:600px;background-image:url(https:\/\/francescofanti.com\/wp-content\/uploads\/2020\/08\/Miniplanet-blog.jpg);\"><div class=\"bg-detect-and-display slideshow-box-info work-details\"><a href=\"https:\/\/francescofanti.com\/en\/perche-dovrei-fare-post-produzione-fotografica\/\"><div class=\"heading-block\"><h2 class=\"line-standby photocard-title\">\n\t\t\t\tPerch\u00e8 dovrei fare post produzione fotografica?\n\t\t\t\t<\/h2><h3 class=\"photocard-subtitle\">\n\t\t\t\t\tJanuary 1, 2022\n\t\t\t\t<\/h3><\/div><div class=\"photocard-contents\">\n\t\t\t\t<p>Tema fervido del mondo fotografico, da anni, del quale voglio provare a fare una analisi onesta in quanto l\u2019argomento della post-produzione e fotoritocco sulla...<\/p>\n\t\t\t\t<\/div><\/a><a class=\"theme-btn-link\" href=\"https:\/\/francescofanti.com\/en\/perche-dovrei-fare-post-produzione-fotografica\/\"><div class=\"theme-btn theme-btn-outline-primary theme-hover-arrow\">Continue reading<\/div><\/a><\/div><\/li><li data-jarallax='{\"speed\": 0.3}' class=\"jarallax vertical-parallax-image\" style=\"height:600px;background-image:url(https:\/\/francescofanti.com\/wp-content\/uploads\/2020\/10\/Risin-e-Kelling-Sunset.jpg);\"><div class=\"bg-detect-and-display slideshow-box-info work-details\"><a href=\"https:\/\/francescofanti.com\/en\/il-fotografo-e-un-se-stesso-piu-il-paesaggio-che-ritrae\/\"><div class=\"heading-block\"><h2 class=\"line-standby photocard-title\">\n\t\t\t\tIl fotografo \u00e8 un \u201cse stesso\u201d pi\u00f9 il paesaggio che ritrae\n\t\t\t\t<\/h2><h3 class=\"photocard-subtitle\">\n\t\t\t\t\tJuly 24, 2020\n\t\t\t\t<\/h3><\/div><div class=\"photocard-contents\">\n\t\t\t\t<p>La natura \u00e8 meravigliosa semplicemente perch\u00e9 esiste: imitiamola mentre scattiamo fotografie e viviamo ci\u00f2 che restituisce, gratis, senza pretese<\/p>\n\t\t\t\t<\/div><\/a><a class=\"theme-btn-link\" href=\"https:\/\/francescofanti.com\/en\/il-fotografo-e-un-se-stesso-piu-il-paesaggio-che-ritrae\/\"><div class=\"theme-btn theme-btn-outline-primary theme-hover-arrow\">Continue reading<\/div><\/a><\/div><\/li><li data-jarallax='{\"speed\": 0.3}' class=\"jarallax vertical-parallax-image\" style=\"height:600px;background-image:url(https:\/\/francescofanti.com\/wp-content\/uploads\/2020\/07\/C2020-F3-NEOWISE-1.jpg);\"><div class=\"bg-detect-and-display slideshow-box-info work-details\"><a href=\"https:\/\/francescofanti.com\/en\/cometa-neowise-2020\/\"><div class=\"heading-block\"><h2 class=\"line-standby photocard-title\">\n\t\t\t\tCometa Neowise 2020 come emozionarsi e dove, vedendola.\n\t\t\t\t<\/h2><h3 class=\"photocard-subtitle\">\n\t\t\t\t\tJuly 10, 2020\n\t\t\t\t<\/h3><\/div><div class=\"photocard-contents\">\n\t\t\t\t<p>Una cometa! S\u00ec, appare in questi giorni incredibilmente nei nostri cieli!\nSembra fatto apposta: un segnale per l\u2019umanit\u00e0 dopo il periodo pandemico che abbiamo vissuto,...<\/p>\n\t\t\t\t<\/div><\/a><a class=\"theme-btn-link\" href=\"https:\/\/francescofanti.com\/en\/cometa-neowise-2020\/\"><div class=\"theme-btn theme-btn-outline-primary theme-hover-arrow\">Continue reading<\/div><\/a><\/div><\/li><\/ul><\/div>\t\t\t\t<\/div>\n\t\t\t\t<\/div>\n\t\t\t\t\t<\/div>\n\t\t<\/div>\n\t\t\t\t\t<\/div>\n\t\t<\/section>\n\t\t\t\t<\/div>","protected":false},"excerpt":{"rendered":"<p>Tutorial fotografici e diari di viaggio Blog di Fotografia e diari di viaggio 10 cose che avrei voluto sapere quando ho iniziato a fotografare January 31, 2023 Se stai facendo i primi passi nel mondo della fotografia, Questo articolo fa proprio al caso tuo perch\u00e8 ti dar\u00f2 alcuni preziosi consigli che&#8230; Continua a leggere Che cos&#8217;\u00e8 la gamma dinamica in fotografia? September 30, 2022 Avere ben chiaro che cos&#8217;\u00e8 la gamma dinamica in fotografia riferita sia alla nostra fotocamera sia [&hellip;]<\/p>\n","protected":false},"author":2,"featured_media":0,"parent":0,"menu_order":0,"comment_status":"closed","ping_status":"closed","template":"","meta":{"_acf_changed":false,"footnotes":""},"class_list":["post-502","page","type-page","status-publish","hentry"],"acf":[],"_links":{"self":[{"href":"https:\/\/francescofanti.com\/en\/wp-json\/wp\/v2\/pages\/502","targetHints":{"allow":["GET"]}}],"collection":[{"href":"https:\/\/francescofanti.com\/en\/wp-json\/wp\/v2\/pages"}],"about":[{"href":"https:\/\/francescofanti.com\/en\/wp-json\/wp\/v2\/types\/page"}],"author":[{"embeddable":true,"href":"https:\/\/francescofanti.com\/en\/wp-json\/wp\/v2\/users\/2"}],"replies":[{"embeddable":true,"href":"https:\/\/francescofanti.com\/en\/wp-json\/wp\/v2\/comments?post=502"}],"version-history":[{"count":5,"href":"https:\/\/francescofanti.com\/en\/wp-json\/wp\/v2\/pages\/502\/revisions"}],"predecessor-version":[{"id":31337,"href":"https:\/\/francescofanti.com\/en\/wp-json\/wp\/v2\/pages\/502\/revisions\/31337"}],"wp:attachment":[{"href":"https:\/\/francescofanti.com\/en\/wp-json\/wp\/v2\/media?parent=502"}],"curies":[{"name":"wp","href":"https:\/\/api.w.org\/{rel}","templated":true}]}}