{"id":16109,"date":"2020-11-22T20:04:39","date_gmt":"2020-11-22T20:04:39","guid":{"rendered":"http:\/\/146.190.124.88\/?page_id=16109"},"modified":"2020-11-22T20:04:39","modified_gmt":"2020-11-22T20:04:39","slug":"termini-e-condizioni","status":"publish","type":"page","link":"https:\/\/francescofanti.com\/en\/termini-e-condizioni\/","title":{"rendered":"Terms &amp; Conditions"},"content":{"rendered":"<div data-elementor-type=\"wp-page\" data-elementor-id=\"16109\" class=\"elementor elementor-16109\" data-elementor-settings=\"{&quot;ha_cmc_init_switcher&quot;:&quot;no&quot;}\" data-elementor-post-type=\"page\">\n\t\t\t\t\t\t<section class=\"elementor-section elementor-top-section elementor-element elementor-element-c8f8fbb elementor-section-boxed elementor-section-height-default elementor-section-height-default\" data-id=\"c8f8fbb\" data-element_type=\"section\" data-e-type=\"section\" data-settings=\"{&quot;background_background&quot;:&quot;classic&quot;}\">\n\t\t\t\t\t\t<div class=\"elementor-container elementor-column-gap-default\">\n\t\t\t\t\t<div class=\"elementor-column elementor-col-100 elementor-top-column elementor-element elementor-element-3a053fb\" data-id=\"3a053fb\" data-element_type=\"column\" data-e-type=\"column\">\n\t\t\t<div class=\"elementor-widget-wrap elementor-element-populated\">\n\t\t\t\t\t\t<div class=\"elementor-element elementor-element-9c2c88c section-align-center section-size-large subtitle-style-default elementor-widget elementor-widget-section-heading\" data-id=\"9c2c88c\" data-element_type=\"widget\" data-e-type=\"widget\" data-no-translation=\"\" data-widget_type=\"section-heading.default\">\n\t\t\t\t<div class=\"elementor-widget-container\">\n\t\t\t\t\t<style>.elementor-element-9c2c88c{display:none !important}<\/style>\t\t\t\t<\/div>\n\t\t\t\t<\/div>\n\t\t\t\t<div class=\"elementor-element elementor-element-b857fce section-align-center section-size-large subtitle-style-default elementor-widget elementor-widget-section-heading\" data-id=\"b857fce\" data-element_type=\"widget\" data-e-type=\"widget\" data-no-translation=\"\" data-widget_type=\"section-heading.default\">\n\t\t\t\t<div class=\"elementor-widget-container\">\n\t\t\t\t\t<div class=\"section-heading headingstyle-subtitle\"><h5 class=\"entry-sub-title section-sub-title\">Francesco Fanti<\/h5><div class=\"section-title-wrapper\"><h2 class=\"entry-title section-title\">Terms and Conditions\n<\/h2><\/div><\/div>\t\t\t\t<\/div>\n\t\t\t\t<\/div>\n\t\t\t\t\t<\/div>\n\t\t<\/div>\n\t\t\t\t\t<\/div>\n\t\t<\/section>\n\t\t\t\t<section class=\"elementor-section elementor-top-section elementor-element elementor-element-26170a4 elementor-section-boxed elementor-section-height-default elementor-section-height-default\" data-id=\"26170a4\" data-element_type=\"section\" data-e-type=\"section\">\n\t\t\t\t\t\t<div class=\"elementor-container elementor-column-gap-default\">\n\t\t\t\t\t<div class=\"elementor-column elementor-col-100 elementor-top-column elementor-element elementor-element-a0f5a77\" data-id=\"a0f5a77\" data-element_type=\"column\" data-e-type=\"column\">\n\t\t\t<div class=\"elementor-widget-wrap elementor-element-populated\">\n\t\t\t\t\t\t<div class=\"elementor-element elementor-element-d93b938 elementor-widget elementor-widget-text-editor\" data-id=\"d93b938\" data-element_type=\"widget\" data-e-type=\"widget\" data-no-translation=\"\" data-widget_type=\"text-editor.default\">\n\t\t\t\t<div class=\"elementor-widget-container\">\n\t\t\t\t\t<style>.elementor-element-d93b938{display:none !important}<\/style>\t\t\t\t<\/div>\n\t\t\t\t<\/div>\n\t\t\t\t\t<\/div>\n\t\t<\/div>\n\t\t\t\t\t<\/div>\n\t\t<\/section>\n\t\t\t\t<\/div>","protected":false},"excerpt":{"rendered":"<p>Francesco Fanti Terms and Conditions Questo sito (di seguito il Sito), di propriet\u00e0 di Francesco Fanti, \u00e8 fornito a scopo informativo e di intrattenimento. Il Sito, in ogni sua parte, \u00e8 soggetto ai presenti Termini e Condizioni e si prega di non accedervi in caso di mancata accettazione dei seguenti contenuti. A causa delle frequenti innovazioni tecniche, le qui presenti condizioni potrebbero essere soggette a modifiche. L\u2019Utente \u00e8 pertanto pregato di verificare ad ogni accesso se l\u2019ultimo aggiornamento corrisponde a [&hellip;]<\/p>\n","protected":false},"author":2,"featured_media":0,"parent":0,"menu_order":0,"comment_status":"closed","ping_status":"closed","template":"","meta":{"_acf_changed":false,"footnotes":""},"class_list":["post-16109","page","type-page","status-publish","hentry"],"acf":[],"_links":{"self":[{"href":"https:\/\/francescofanti.com\/en\/wp-json\/wp\/v2\/pages\/16109","targetHints":{"allow":["GET"]}}],"collection":[{"href":"https:\/\/francescofanti.com\/en\/wp-json\/wp\/v2\/pages"}],"about":[{"href":"https:\/\/francescofanti.com\/en\/wp-json\/wp\/v2\/types\/page"}],"author":[{"embeddable":true,"href":"https:\/\/francescofanti.com\/en\/wp-json\/wp\/v2\/users\/2"}],"replies":[{"embeddable":true,"href":"https:\/\/francescofanti.com\/en\/wp-json\/wp\/v2\/comments?post=16109"}],"version-history":[{"count":0,"href":"https:\/\/francescofanti.com\/en\/wp-json\/wp\/v2\/pages\/16109\/revisions"}],"wp:attachment":[{"href":"https:\/\/francescofanti.com\/en\/wp-json\/wp\/v2\/media?parent=16109"}],"curies":[{"name":"wp","href":"https:\/\/api.w.org\/{rel}","templated":true}]}}